{"id":525,"date":"2022-11-16T09:00:01","date_gmt":"2022-11-16T09:00:01","guid":{"rendered":"http:\/\/tunderorszagbolcsi.hu\/?page_id=525"},"modified":"2022-11-16T09:00:01","modified_gmt":"2022-11-16T09:00:01","slug":"dunavarsanyi-ovoda-bolcsode-pedagogiai-szakmai-program","status":"publish","type":"page","link":"http:\/\/tunderorszagbolcsi.hu\/?page_id=525","title":{"rendered":"Dunavars\u00e1nyi \u00d3voda- B\u00f6lcs\u0151de PEDAG\u00d3GIAI SZAKMAI PROGRAM"},"content":{"rendered":"<div class=\"_df_book df-lite\" id=\"df_519\"  _slug=\"dunavarsanyi-ovoda-bolcsode-pedagogiai-szakmai-program\" data-title=\"dunavarsanyi-ovoda-bolcsode-pedagogiai-szakmai-program\" wpoptions=\"true\" thumbtype=\"\" ><\/div><script class=\"df-shortcode-script\" type=\"application\/javascript\">window.option_df_519 = {\"outline\":[],\"autoEnableOutline\":\"false\",\"autoEnableThumbnail\":\"false\",\"overwritePDFOutline\":\"false\",\"direction\":\"1\",\"pageSize\":\"0\",\"source\":\"http:\\\/\\\/tunderorszagbolcsi.hu\\\/wp-content\\\/uploads\\\/2022\\\/11\\\/Dunavarsanyi-Ovoda-Bolcsode-Pedagogiai-Szakmai-Program-2022.-07.-28._compressed-1.pdf\",\"wpOptions\":\"true\"}; if(window.DFLIP && window.DFLIP.parseBooks){window.DFLIP.parseBooks();}<\/script>\n","protected":false},"excerpt":{"rendered":"","protected":false},"author":1,"featured_media":0,"parent":0,"menu_order":0,"comment_status":"closed","ping_status":"closed","template":"","meta":{"footnotes":""},"class_list":["post-525","page","type-page","status-publish","hentry"],"_links":{"self":[{"href":"http:\/\/tunderorszagbolcsi.hu\/index.php?rest_route=\/wp\/v2\/pages\/525","targetHints":{"allow":["GET"]}}],"collection":[{"href":"http:\/\/tunderorszagbolcsi.hu\/index.php?rest_route=\/wp\/v2\/pages"}],"about":[{"href":"http:\/\/tunderorszagbolcsi.hu\/index.php?rest_route=\/wp\/v2\/types\/page"}],"author":[{"embeddable":true,"href":"http:\/\/tunderorszagbolcsi.hu\/index.php?rest_route=\/wp\/v2\/users\/1"}],"replies":[{"embeddable":true,"href":"http:\/\/tunderorszagbolcsi.hu\/index.php?rest_route=%2Fwp%2Fv2%2Fcomments&post=525"}],"version-history":[{"count":1,"href":"http:\/\/tunderorszagbolcsi.hu\/index.php?rest_route=\/wp\/v2\/pages\/525\/revisions"}],"predecessor-version":[{"id":526,"href":"http:\/\/tunderorszagbolcsi.hu\/index.php?rest_route=\/wp\/v2\/pages\/525\/revisions\/526"}],"wp:attachment":[{"href":"http:\/\/tunderorszagbolcsi.hu\/index.php?rest_route=%2Fwp%2Fv2%2Fmedia&parent=525"}],"curies":[{"name":"wp","href":"https:\/\/api.w.org\/{rel}","templated":true}]}}