{"id":517,"date":"2022-11-16T08:56:40","date_gmt":"2022-11-16T08:56:40","guid":{"rendered":"http:\/\/tunderorszagbolcsi.hu\/?page_id=517"},"modified":"2022-11-16T08:56:40","modified_gmt":"2022-11-16T08:56:40","slug":"dunavarsanyi-ovoda-bolcsode-hazirend","status":"publish","type":"page","link":"http:\/\/tunderorszagbolcsi.hu\/?page_id=517","title":{"rendered":"Dunavars\u00e1nyi \u00d3voda-B\u00f6lcs\u0151de &#8211; H\u00e1zirend"},"content":{"rendered":"<div class=\"_df_book df-lite\" id=\"df_514\"  _slug=\"dunavarsanyi-ovoda-bolcsode-hazirend\" data-title=\"dunavarsanyi-ovoda-bolcsode-hazirend\" wpoptions=\"true\" thumbtype=\"\" ><\/div><script class=\"df-shortcode-script\" type=\"application\/javascript\">window.option_df_514 = {\"outline\":[],\"autoEnableOutline\":\"false\",\"autoEnableThumbnail\":\"false\",\"overwritePDFOutline\":\"false\",\"direction\":\"1\",\"pageSize\":\"0\",\"source\":\"http:\\\/\\\/tunderorszagbolcsi.hu\\\/wp-content\\\/uploads\\\/2022\\\/11\\\/Tunderorszag-Hazirend_jav.pdf\",\"wpOptions\":\"true\"}; if(window.DFLIP && window.DFLIP.parseBooks){window.DFLIP.parseBooks();}<\/script>\n","protected":false},"excerpt":{"rendered":"","protected":false},"author":1,"featured_media":0,"parent":0,"menu_order":0,"comment_status":"closed","ping_status":"closed","template":"","meta":{"footnotes":""},"class_list":["post-517","page","type-page","status-publish","hentry"],"_links":{"self":[{"href":"http:\/\/tunderorszagbolcsi.hu\/index.php?rest_route=\/wp\/v2\/pages\/517","targetHints":{"allow":["GET"]}}],"collection":[{"href":"http:\/\/tunderorszagbolcsi.hu\/index.php?rest_route=\/wp\/v2\/pages"}],"about":[{"href":"http:\/\/tunderorszagbolcsi.hu\/index.php?rest_route=\/wp\/v2\/types\/page"}],"author":[{"embeddable":true,"href":"http:\/\/tunderorszagbolcsi.hu\/index.php?rest_route=\/wp\/v2\/users\/1"}],"replies":[{"embeddable":true,"href":"http:\/\/tunderorszagbolcsi.hu\/index.php?rest_route=%2Fwp%2Fv2%2Fcomments&post=517"}],"version-history":[{"count":1,"href":"http:\/\/tunderorszagbolcsi.hu\/index.php?rest_route=\/wp\/v2\/pages\/517\/revisions"}],"predecessor-version":[{"id":518,"href":"http:\/\/tunderorszagbolcsi.hu\/index.php?rest_route=\/wp\/v2\/pages\/517\/revisions\/518"}],"wp:attachment":[{"href":"http:\/\/tunderorszagbolcsi.hu\/index.php?rest_route=%2Fwp%2Fv2%2Fmedia&parent=517"}],"curies":[{"name":"wp","href":"https:\/\/api.w.org\/{rel}","templated":true}]}}